{"id":1717,"date":"2020-08-12T05:16:40","date_gmt":"2020-08-12T03:16:40","guid":{"rendered":"https:\/\/lifeplus.al\/services\/"},"modified":"2022-06-16T17:01:07","modified_gmt":"2022-06-16T15:01:07","slug":"services","status":"publish","type":"page","link":"https:\/\/lifeplus.al\/en\/services\/","title":{"rendered":"Services"},"content":{"rendered":"\t\t<div data-elementor-type=\"wp-page\" data-elementor-id=\"1717\" class=\"elementor elementor-1717 elementor-64\">\n\t\t\t\t\t\t<div class=\"elementor-section elementor-top-section elementor-element elementor-element-e00fb33 thsn-bg-color-yes thsn-elementor-bg-color-white thsn-col-stretched-none thsn-bg-color-over-image elementor-section-boxed elementor-section-height-default elementor-section-height-default\" data-id=\"e00fb33\" data-element_type=\"section\" data-e-type=\"section\">\n\t\t\t\t\t\t<div class=\"elementor-container elementor-column-gap-no\">\n\t\t\t\t\t<div class=\"elementor-column elementor-col-100 elementor-top-column elementor-element elementor-element-96a4b33 thsn-bg-color-over-image\" data-id=\"96a4b33\" data-element_type=\"column\" data-e-type=\"column\">\n\t\t\t<div class=\"elementor-widget-wrap elementor-element-populated\">\n\t\t\t\t\t\t<div class=\"elementor-element elementor-element-e7c5c52 elementor-widget elementor-widget-thsn_service_element\" data-id=\"e7c5c52\" data-element_type=\"widget\" data-e-type=\"widget\" data-widget_type=\"thsn_service_element.default\">\n\t\t\t\t<div class=\"elementor-widget-container\">\n\t\t\t\t\t\r\n\t\t<div class=\"themesion-element themesion-element-service thsn-element-service-style-1 themesion-element-viewtype-row-column themesion-gap-15px\" data-show=\"9\" data-columns=\"3\" data-loop=\"false\" data-autoplay=\"false\" data-center=\"false\" data-nav=\"false\" data-dots=\"false\" data-autoplayspeed=\"1000\" data-margin=\"15px\"><div class=\"themesion-element-inner\">\r\n\t\t\t\t\t\t<div class=\"thsn-ele-header-area\">\r\n\t\t\t\t\t\t<div class=\"thsn-heading-subheading left-align \"><\/div>\t\t\t\t<\/div>\r\n\t\t\t\t\r\n\t\t\t<div class=\"thsn-row-parent\">\r\n\t\t\t\t<div class=\"thsn-element-posts-wrapper row multi-columns-row\">\r\n\r\n\t\t\t\t<article class=\"thsn-ele thsn-ele-service thsn-service-style-1 col-md-4 departments thsn-term-35  \">\t<div class=\"themesion-post-item\">\r\n\t\t<div class=\"thsn-service-icon-overlay\">\r\n\t\t\t<div class=\"thsn-featured-wrapper\"><a href=\"https:\/\/lifeplus.al\/en\/service\/orthopedics-sports-trauma\/\"><img fetchpriority=\"high\" decoding=\"async\" width=\"770\" height=\"632\" src=\"https:\/\/lifeplus.al\/wp-content\/uploads\/2020\/06\/Lifeplus-Ortopedi-1-770x632.jpg\" class=\"attachment-thsn-img-770x635 size-thsn-img-770x635 wp-post-image\" alt=\"\" \/><\/a><\/div>\t\t\t<div class=\"thsn-service-icon-wrapper\"><i class=\"thsn-doctery-icon thsn-doctery-icon-prothesis\"><\/i><\/div>\r\n\t\t<\/div>\r\n\t\t<div class=\"themesion-box-content\">\t\r\n\t\t\t<div class=\"themesion-box-content-inner\">\r\n\t\t\t\t<h3 class=\"thsn-service-title\"><a href=\"https:\/\/lifeplus.al\/en\/service\/orthopedics-sports-trauma\/\">Orthopedics &amp; Sports Trauma<\/a><\/h3>\r\n\t\t\t\t\t\t\t\t<div class=\"thsn-service-content\"><p>The Department of Orthopedics &#038; Sports Trauma brings the most well-known international doctors in Albania as well as the most advanced technology of the moment.<\/p>\n<\/div>\r\n\t\t\t\t\t\t\t\t<div class=\"thsn-service-btn\">\r\n\t\t\t\t\t<a class=\"elementor-button-link elementor-button elementor-size-md\" href=\"https:\/\/lifeplus.al\/en\/service\/orthopedics-sports-trauma\/\"><span class=\"thsn-btn-text\">More<\/span><i class=\"thsn-base-icon-right-arrow\"><\/i><\/a>\r\n\t\t\t\t<\/div>\r\n\t\t\t<\/div>\r\n\t\t<\/div>\r\n\t<\/div><\/article><article class=\"thsn-ele thsn-ele-service thsn-service-style-1 col-md-4 departments thsn-term-35  \">\t<div class=\"themesion-post-item\">\r\n\t\t<div class=\"thsn-service-icon-overlay\">\r\n\t\t\t<div class=\"thsn-featured-wrapper\"><a href=\"https:\/\/lifeplus.al\/en\/service\/rheumatology\/\"><img decoding=\"async\" width=\"770\" height=\"632\" src=\"https:\/\/lifeplus.al\/wp-content\/uploads\/2020\/06\/lifeplus-departamentet-reumatologji-image-770x632.png\" class=\"attachment-thsn-img-770x635 size-thsn-img-770x635 wp-post-image\" alt=\"\" \/><\/a><\/div>\t\t\t<div class=\"thsn-service-icon-wrapper\"><i class=\"thsn-doctery-icon thsn-doctery-icon-inhaler\"><\/i><\/div>\r\n\t\t<\/div>\r\n\t\t<div class=\"themesion-box-content\">\t\r\n\t\t\t<div class=\"themesion-box-content-inner\">\r\n\t\t\t\t<h3 class=\"thsn-service-title\"><a href=\"https:\/\/lifeplus.al\/en\/service\/rheumatology\/\">Rheumatology<\/a><\/h3>\r\n\t\t\t\t\t\t\t\t<div class=\"thsn-service-content\"><p>The department of Rheumatology is a branch of internal medicine that focuses on the diagnosis and non-surgical treatment of rheumatic illnesses and disorders.<\/p>\n<\/div>\r\n\t\t\t\t\t\t\t\t<div class=\"thsn-service-btn\">\r\n\t\t\t\t\t<a class=\"elementor-button-link elementor-button elementor-size-md\" href=\"https:\/\/lifeplus.al\/en\/service\/rheumatology\/\"><span class=\"thsn-btn-text\">More<\/span><i class=\"thsn-base-icon-right-arrow\"><\/i><\/a>\r\n\t\t\t\t<\/div>\r\n\t\t\t<\/div>\r\n\t\t<\/div>\r\n\t<\/div><\/article><article class=\"thsn-ele thsn-ele-service thsn-service-style-1 col-md-4 departments thsn-term-35  \">\t<div class=\"themesion-post-item\">\r\n\t\t<div class=\"thsn-service-icon-overlay\">\r\n\t\t\t<div class=\"thsn-featured-wrapper\"><a href=\"https:\/\/lifeplus.al\/en\/service\/neurology\/\"><img decoding=\"async\" width=\"770\" height=\"632\" src=\"https:\/\/lifeplus.al\/wp-content\/uploads\/2020\/06\/lifeplus-departamentet-neurologji-image-770x632.png\" class=\"attachment-thsn-img-770x635 size-thsn-img-770x635 wp-post-image\" alt=\"\" \/><\/a><\/div>\t\t\t<div class=\"thsn-service-icon-wrapper\"><i class=\"thsn-doctery-icon thsn-doctery-icon-brain\"><\/i><\/div>\r\n\t\t<\/div>\r\n\t\t<div class=\"themesion-box-content\">\t\r\n\t\t\t<div class=\"themesion-box-content-inner\">\r\n\t\t\t\t<h3 class=\"thsn-service-title\"><a href=\"https:\/\/lifeplus.al\/en\/service\/neurology\/\">Neurology<\/a><\/h3>\r\n\t\t\t\t\t\t\t\t<div class=\"thsn-service-content\"><p>The department of Neurology is a medical specialty that focuses on the diagnosis and treatment of nervous system problems.<\/p>\n<\/div>\r\n\t\t\t\t\t\t\t\t<div class=\"thsn-service-btn\">\r\n\t\t\t\t\t<a class=\"elementor-button-link elementor-button elementor-size-md\" href=\"https:\/\/lifeplus.al\/en\/service\/neurology\/\"><span class=\"thsn-btn-text\">More<\/span><i class=\"thsn-base-icon-right-arrow\"><\/i><\/a>\r\n\t\t\t\t<\/div>\r\n\t\t\t<\/div>\r\n\t\t<\/div>\r\n\t<\/div><\/article><article class=\"thsn-ele thsn-ele-service thsn-service-style-1 col-md-4 departments thsn-term-35  \">\t<div class=\"themesion-post-item\">\r\n\t\t<div class=\"thsn-service-icon-overlay\">\r\n\t\t\t<div class=\"thsn-featured-wrapper\"><a href=\"https:\/\/lifeplus.al\/en\/service\/obstetrics-gynecology\/\"><img loading=\"lazy\" decoding=\"async\" width=\"770\" height=\"635\" src=\"https:\/\/lifeplus.al\/wp-content\/uploads\/2022\/04\/lifeplus-departamentet-gjinekologji-image-770x635.jpg\" class=\"attachment-thsn-img-770x635 size-thsn-img-770x635 wp-post-image\" alt=\"\" \/><\/a><\/div>\t\t\t<div class=\"thsn-service-icon-wrapper\"><i class=\"thsn-doctery-icon thsn-doctery-icon-fetus\"><\/i><\/div>\r\n\t\t<\/div>\r\n\t\t<div class=\"themesion-box-content\">\t\r\n\t\t\t<div class=\"themesion-box-content-inner\">\r\n\t\t\t\t<h3 class=\"thsn-service-title\"><a href=\"https:\/\/lifeplus.al\/en\/service\/obstetrics-gynecology\/\">Obstetrics &#8211; Gynecology<\/a><\/h3>\r\n\t\t\t\t\t\t\t\t<div class=\"thsn-service-content\"><p>The Department of Obstetrics and Gynecology provides professional services from a qualified interdisciplinary team using cutting-edge technologies.<\/p>\n<\/div>\r\n\t\t\t\t\t\t\t\t<div class=\"thsn-service-btn\">\r\n\t\t\t\t\t<a class=\"elementor-button-link elementor-button elementor-size-md\" href=\"https:\/\/lifeplus.al\/en\/service\/obstetrics-gynecology\/\"><span class=\"thsn-btn-text\">More<\/span><i class=\"thsn-base-icon-right-arrow\"><\/i><\/a>\r\n\t\t\t\t<\/div>\r\n\t\t\t<\/div>\r\n\t\t<\/div>\r\n\t<\/div><\/article><article class=\"thsn-ele thsn-ele-service thsn-service-style-1 col-md-4 departments thsn-term-35  \">\t<div class=\"themesion-post-item\">\r\n\t\t<div class=\"thsn-service-icon-overlay\">\r\n\t\t\t<div class=\"thsn-featured-wrapper\"><a href=\"https:\/\/lifeplus.al\/en\/service\/endocrinology\/\"><img loading=\"lazy\" decoding=\"async\" width=\"770\" height=\"633\" src=\"https:\/\/lifeplus.al\/wp-content\/uploads\/2020\/06\/lifeplus-departamentet-endokrinologji-image-770x633.png\" class=\"attachment-thsn-img-770x635 size-thsn-img-770x635 wp-post-image\" alt=\"\" \/><\/a><\/div>\t\t\t<div class=\"thsn-service-icon-wrapper\"><i class=\"thsn-doctery-icon thsn-doctery-icon-uterus\"><\/i><\/div>\r\n\t\t<\/div>\r\n\t\t<div class=\"themesion-box-content\">\t\r\n\t\t\t<div class=\"themesion-box-content-inner\">\r\n\t\t\t\t<h3 class=\"thsn-service-title\"><a href=\"https:\/\/lifeplus.al\/en\/service\/endocrinology\/\">Endocrinology<\/a><\/h3>\r\n\t\t\t\t\t\t\t\t<div class=\"thsn-service-content\"><p>The professional staff of the Department of Endocrinology at the LifePlus Hospital Tirana provides specialized treatment for a number of endocrinological problems<\/p>\n<\/div>\r\n\t\t\t\t\t\t\t\t<div class=\"thsn-service-btn\">\r\n\t\t\t\t\t<a class=\"elementor-button-link elementor-button elementor-size-md\" href=\"https:\/\/lifeplus.al\/en\/service\/endocrinology\/\"><span class=\"thsn-btn-text\">More<\/span><i class=\"thsn-base-icon-right-arrow\"><\/i><\/a>\r\n\t\t\t\t<\/div>\r\n\t\t\t<\/div>\r\n\t\t<\/div>\r\n\t<\/div><\/article><article class=\"thsn-ele thsn-ele-service thsn-service-style-1 col-md-4 departments thsn-term-35  \">\t<div class=\"themesion-post-item\">\r\n\t\t<div class=\"thsn-service-icon-overlay\">\r\n\t\t\t<div class=\"thsn-featured-wrapper\"><a href=\"https:\/\/lifeplus.al\/en\/service\/diagnostic-imaging\/\"><img loading=\"lazy\" decoding=\"async\" width=\"770\" height=\"633\" src=\"https:\/\/lifeplus.al\/wp-content\/uploads\/2019\/05\/lifeplus-departamentet-radio-grafi-image-770x633.png\" class=\"attachment-thsn-img-770x635 size-thsn-img-770x635 wp-post-image\" alt=\"\" \/><\/a><\/div>\t\t\t<div class=\"thsn-service-icon-wrapper\"><i class=\"thsn-doctery-icon thsn-doctery-icon-ultrasonography\"><\/i><\/div>\r\n\t\t<\/div>\r\n\t\t<div class=\"themesion-box-content\">\t\r\n\t\t\t<div class=\"themesion-box-content-inner\">\r\n\t\t\t\t<h3 class=\"thsn-service-title\"><a href=\"https:\/\/lifeplus.al\/en\/service\/diagnostic-imaging\/\">Diagnostic Imaging<\/a><\/h3>\r\n\t\t\t\t\t\t\t\t<div class=\"thsn-service-content\"><p>Thanks to the most modern technology and under the full care of qualified imaging specialists in tirana, a variety of ultrasounds are conducted at the LifePlus Hospital<\/p>\n<\/div>\r\n\t\t\t\t\t\t\t\t<div class=\"thsn-service-btn\">\r\n\t\t\t\t\t<a class=\"elementor-button-link elementor-button elementor-size-md\" href=\"https:\/\/lifeplus.al\/en\/service\/diagnostic-imaging\/\"><span class=\"thsn-btn-text\">More<\/span><i class=\"thsn-base-icon-right-arrow\"><\/i><\/a>\r\n\t\t\t\t<\/div>\r\n\t\t\t<\/div>\r\n\t\t<\/div>\r\n\t<\/div><\/article><article class=\"thsn-ele thsn-ele-service thsn-service-style-1 col-md-4 departments thsn-term-35  \">\t<div class=\"themesion-post-item\">\r\n\t\t<div class=\"thsn-service-icon-overlay\">\r\n\t\t\t<div class=\"thsn-featured-wrapper\"><a href=\"https:\/\/lifeplus.al\/en\/service\/laboratory\/\"><img loading=\"lazy\" decoding=\"async\" width=\"770\" height=\"633\" src=\"https:\/\/lifeplus.al\/wp-content\/uploads\/2019\/04\/lifeplus-departamentet-laborator-image-770x633.png\" class=\"attachment-thsn-img-770x635 size-thsn-img-770x635 wp-post-image\" alt=\"\" \/><\/a><\/div>\t\t\t<div class=\"thsn-service-icon-wrapper\"><i class=\"thsn-doctery-icon thsn-doctery-icon-sample\"><\/i><\/div>\r\n\t\t<\/div>\r\n\t\t<div class=\"themesion-box-content\">\t\r\n\t\t\t<div class=\"themesion-box-content-inner\">\r\n\t\t\t\t<h3 class=\"thsn-service-title\"><a href=\"https:\/\/lifeplus.al\/en\/service\/laboratory\/\">Laboratory<\/a><\/h3>\r\n\t\t\t\t\t\t\t\t<div class=\"thsn-service-content\"><p>Proper medical treatment in a modern and contemporary laboratory is determined to guarantee quick and efficient solutions for all types of laboratory tests.<\/p>\n<\/div>\r\n\t\t\t\t\t\t\t\t<div class=\"thsn-service-btn\">\r\n\t\t\t\t\t<a class=\"elementor-button-link elementor-button elementor-size-md\" href=\"https:\/\/lifeplus.al\/en\/service\/laboratory\/\"><span class=\"thsn-btn-text\">More<\/span><i class=\"thsn-base-icon-right-arrow\"><\/i><\/a>\r\n\t\t\t\t<\/div>\r\n\t\t\t<\/div>\r\n\t\t<\/div>\r\n\t<\/div><\/article><article class=\"thsn-ele thsn-ele-service thsn-service-style-1 col-md-4 departments thsn-term-35  \">\t<div class=\"themesion-post-item\">\r\n\t\t<div class=\"thsn-service-icon-overlay\">\r\n\t\t\t<div class=\"thsn-featured-wrapper\"><a href=\"https:\/\/lifeplus.al\/en\/service\/ambulatorial-services\/\"><img loading=\"lazy\" decoding=\"async\" width=\"770\" height=\"635\" src=\"https:\/\/lifeplus.al\/wp-content\/uploads\/2022\/05\/lifeplus-departamentet-sherbime-ambulatoriale-770x635.jpg\" class=\"attachment-thsn-img-770x635 size-thsn-img-770x635 wp-post-image\" alt=\"\" \/><\/a><\/div>\t\t\t<div class=\"thsn-service-icon-wrapper\"><i class=\"thsn-doctery-icon thsn-doctery-icon-syringe\"><\/i><\/div>\r\n\t\t<\/div>\r\n\t\t<div class=\"themesion-box-content\">\t\r\n\t\t\t<div class=\"themesion-box-content-inner\">\r\n\t\t\t\t<h3 class=\"thsn-service-title\"><a href=\"https:\/\/lifeplus.al\/en\/service\/ambulatorial-services\/\">Ambulatorial Services<\/a><\/h3>\r\n\t\t\t\t\t\t\t\t<div class=\"thsn-service-content\"><p>The hospital LifePLus offers a series of outpatient services such as various injections, venous therapy, various medications and check-ups.<\/p>\n<\/div>\r\n\t\t\t\t\t\t\t\t<div class=\"thsn-service-btn\">\r\n\t\t\t\t\t<a class=\"elementor-button-link elementor-button elementor-size-md\" href=\"https:\/\/lifeplus.al\/en\/service\/ambulatorial-services\/\"><span class=\"thsn-btn-text\">More<\/span><i class=\"thsn-base-icon-right-arrow\"><\/i><\/a>\r\n\t\t\t\t<\/div>\r\n\t\t\t<\/div>\r\n\t\t<\/div>\r\n\t<\/div><\/article><article class=\"thsn-ele thsn-ele-service thsn-service-style-1 col-md-4 departments thsn-term-35  \">\t<div class=\"themesion-post-item\">\r\n\t\t<div class=\"thsn-service-icon-overlay\">\r\n\t\t\t<div class=\"thsn-featured-wrapper\"><a href=\"https:\/\/lifeplus.al\/en\/service\/physiotherapy\/\"><img loading=\"lazy\" decoding=\"async\" width=\"770\" height=\"635\" src=\"https:\/\/lifeplus.al\/wp-content\/uploads\/2022\/05\/lifeplus-departamentet-fizoterapi-770x635.jpg\" class=\"attachment-thsn-img-770x635 size-thsn-img-770x635 wp-post-image\" alt=\"\" \/><\/a><\/div>\t\t\t<div class=\"thsn-service-icon-wrapper\"><i class=\"thsn-doctery-icon thsn-doctery-icon-angiography\"><\/i><\/div>\r\n\t\t<\/div>\r\n\t\t<div class=\"themesion-box-content\">\t\r\n\t\t\t<div class=\"themesion-box-content-inner\">\r\n\t\t\t\t<h3 class=\"thsn-service-title\"><a href=\"https:\/\/lifeplus.al\/en\/service\/physiotherapy\/\">Physiotherapy<\/a><\/h3>\r\n\t\t\t\t\t\t\t\t<div class=\"thsn-service-content\"><p>T\u00eb gjitha fizioterapit\u00eb n\u00eb Spitalin LifePlus, realizohen fal\u00eb teknologjis\u00eb s\u00eb mir\u00ebnjohur instrumentale BTL dhe terapis\u00eb manuale.<\/p>\n<\/div>\r\n\t\t\t\t\t\t\t\t<div class=\"thsn-service-btn\">\r\n\t\t\t\t\t<a class=\"elementor-button-link elementor-button elementor-size-md\" href=\"https:\/\/lifeplus.al\/en\/service\/physiotherapy\/\"><span class=\"thsn-btn-text\">More<\/span><i class=\"thsn-base-icon-right-arrow\"><\/i><\/a>\r\n\t\t\t\t<\/div>\r\n\t\t\t<\/div>\r\n\t\t<\/div>\r\n\t<\/div><\/article>\r\n\t\t\t\t<\/div>\r\n\t\t\t<\/div>\r\n\r\n\t\t\t\r\n\t\t\t\r\n\t\t\r\n\t\t<\/div><!-- .themesion-element-inner -->   <\/div><!-- .themesion-element -->  \r\n\t    \t\t\t\t<\/div>\n\t\t\t\t<\/div>\n\t\t\t\t\t<\/div>\n\t\t<\/div>\n\t\t\t\t\t<\/div>\n\t\t<\/div>\n\t\t\t\t<\/div>\n\t\t","protected":false},"excerpt":{"rendered":"<p>Plastic Surgery We are give best quality health care service &amp; facility of latest technology so patient surgery easy &amp; secure. More Hematology We are give best quality health care service &amp; facility of latest technology so patient surgery easy &amp; secure. More Neurology We are give best quality health care service &amp; facility of latest technology so patient surgery easy &amp; secure. More Gastrologic We are give best quality[&hellip;]<\/p>\n","protected":false},"author":1,"featured_media":0,"parent":0,"menu_order":10,"comment_status":"closed","ping_status":"closed","template":"","meta":{"_acf_changed":false,"footnotes":""},"class_list":["post-1717","page","type-page","status-publish","hentry"],"acf":[],"yoast_head":"<!-- This site is optimized with the Yoast SEO plugin v27.3 - https:\/\/yoast.com\/product\/yoast-seo-wordpress\/ -->\n<title>Services &#8212; Spitali LifePlus<\/title>\n<meta name=\"robots\" content=\"index, follow, max-snippet:-1, max-image-preview:large, max-video-preview:-1\" \/>\n<link rel=\"canonical\" href=\"https:\/\/lifeplus.al\/en\/services\/\" \/>\n<meta property=\"og:locale\" content=\"en_US\" \/>\n<meta property=\"og:type\" content=\"article\" \/>\n<meta property=\"og:title\" content=\"Services &#8212; Spitali LifePlus\" \/>\n<meta property=\"og:description\" content=\"Plastic Surgery We are give best quality health care service &amp; facility of latest technology so patient surgery easy &amp; secure. More Hematology We are give best quality health care service &amp; facility of latest technology so patient surgery easy &amp; secure. More Neurology We are give best quality health care service &amp; facility of latest technology so patient surgery easy &amp; secure. More Gastrologic We are give best quality[&hellip;]\" \/>\n<meta property=\"og:url\" content=\"https:\/\/lifeplus.al\/en\/services\/\" \/>\n<meta property=\"og:site_name\" content=\"Spitali LifePlus\" \/>\n<meta property=\"article:publisher\" content=\"https:\/\/www.facebook.com\/SpitaliLifePlus\" \/>\n<meta property=\"article:modified_time\" content=\"2022-06-16T15:01:07+00:00\" \/>\n<meta property=\"og:image\" content=\"http:\/\/doctery-demo.themesion.com\/datasite\/wp-content\/uploads\/sites\/6\/2020\/06\/service-01-770x635.jpg\" \/>\n<meta name=\"twitter:card\" content=\"summary_large_image\" \/>\n<meta name=\"twitter:label1\" content=\"Est. reading time\" \/>\n\t<meta name=\"twitter:data1\" content=\"1 minute\" \/>\n<script type=\"application\/ld+json\" class=\"yoast-schema-graph\">{\"@context\":\"https:\\\/\\\/schema.org\",\"@graph\":[{\"@type\":\"WebPage\",\"@id\":\"https:\\\/\\\/lifeplus.al\\\/en\\\/services\\\/\",\"url\":\"https:\\\/\\\/lifeplus.al\\\/en\\\/services\\\/\",\"name\":\"Services &#8212; Spitali LifePlus\",\"isPartOf\":{\"@id\":\"https:\\\/\\\/lifeplus.al\\\/#website\"},\"primaryImageOfPage\":{\"@id\":\"https:\\\/\\\/lifeplus.al\\\/en\\\/services\\\/#primaryimage\"},\"image\":{\"@id\":\"https:\\\/\\\/lifeplus.al\\\/en\\\/services\\\/#primaryimage\"},\"thumbnailUrl\":\"http:\\\/\\\/doctery-demo.themesion.com\\\/datasite\\\/wp-content\\\/uploads\\\/sites\\\/6\\\/2020\\\/06\\\/service-01-770x635.jpg\",\"datePublished\":\"2020-08-12T03:16:40+00:00\",\"dateModified\":\"2022-06-16T15:01:07+00:00\",\"breadcrumb\":{\"@id\":\"https:\\\/\\\/lifeplus.al\\\/en\\\/services\\\/#breadcrumb\"},\"inLanguage\":\"en-US\",\"potentialAction\":[{\"@type\":\"ReadAction\",\"target\":[\"https:\\\/\\\/lifeplus.al\\\/en\\\/services\\\/\"]}]},{\"@type\":\"ImageObject\",\"inLanguage\":\"en-US\",\"@id\":\"https:\\\/\\\/lifeplus.al\\\/en\\\/services\\\/#primaryimage\",\"url\":\"http:\\\/\\\/doctery-demo.themesion.com\\\/datasite\\\/wp-content\\\/uploads\\\/sites\\\/6\\\/2020\\\/06\\\/service-01-770x635.jpg\",\"contentUrl\":\"http:\\\/\\\/doctery-demo.themesion.com\\\/datasite\\\/wp-content\\\/uploads\\\/sites\\\/6\\\/2020\\\/06\\\/service-01-770x635.jpg\"},{\"@type\":\"BreadcrumbList\",\"@id\":\"https:\\\/\\\/lifeplus.al\\\/en\\\/services\\\/#breadcrumb\",\"itemListElement\":[{\"@type\":\"ListItem\",\"position\":1,\"name\":\"Home\",\"item\":\"https:\\\/\\\/lifeplus.al\\\/\"},{\"@type\":\"ListItem\",\"position\":2,\"name\":\"Services\"}]},{\"@type\":\"WebSite\",\"@id\":\"https:\\\/\\\/lifeplus.al\\\/#website\",\"url\":\"https:\\\/\\\/lifeplus.al\\\/\",\"name\":\"Spitali LifePlus\",\"description\":\"Kujdesu p\u00ebr Veten!\",\"publisher\":{\"@id\":\"https:\\\/\\\/lifeplus.al\\\/#organization\"},\"potentialAction\":[{\"@type\":\"SearchAction\",\"target\":{\"@type\":\"EntryPoint\",\"urlTemplate\":\"https:\\\/\\\/lifeplus.al\\\/?s={search_term_string}\"},\"query-input\":{\"@type\":\"PropertyValueSpecification\",\"valueRequired\":true,\"valueName\":\"search_term_string\"}}],\"inLanguage\":\"en-US\"},{\"@type\":\"Organization\",\"@id\":\"https:\\\/\\\/lifeplus.al\\\/#organization\",\"name\":\"Spitali LifePlus\",\"url\":\"https:\\\/\\\/lifeplus.al\\\/\",\"logo\":{\"@type\":\"ImageObject\",\"inLanguage\":\"en-US\",\"@id\":\"https:\\\/\\\/lifeplus.al\\\/#\\\/schema\\\/logo\\\/image\\\/\",\"url\":\"https:\\\/\\\/lifeplus.al\\\/wp-content\\\/uploads\\\/2022\\\/06\\\/lifeplus_spitali_logo.png\",\"contentUrl\":\"https:\\\/\\\/lifeplus.al\\\/wp-content\\\/uploads\\\/2022\\\/06\\\/lifeplus_spitali_logo.png\",\"width\":760,\"height\":220,\"caption\":\"Spitali LifePlus\"},\"image\":{\"@id\":\"https:\\\/\\\/lifeplus.al\\\/#\\\/schema\\\/logo\\\/image\\\/\"},\"sameAs\":[\"https:\\\/\\\/www.facebook.com\\\/SpitaliLifePlus\",\"https:\\\/\\\/www.linkedin.com\\\/company\\\/spitali-lifeplus\",\"https:\\\/\\\/www.instagram.com\\\/spitali_lifeplus\"]}]}<\/script>\n<!-- \/ Yoast SEO plugin. -->","yoast_head_json":{"title":"Services &#8212; Spitali LifePlus","robots":{"index":"index","follow":"follow","max-snippet":"max-snippet:-1","max-image-preview":"max-image-preview:large","max-video-preview":"max-video-preview:-1"},"canonical":"https:\/\/lifeplus.al\/en\/services\/","og_locale":"en_US","og_type":"article","og_title":"Services &#8212; Spitali LifePlus","og_description":"Plastic Surgery We are give best quality health care service &amp; facility of latest technology so patient surgery easy &amp; secure. More Hematology We are give best quality health care service &amp; facility of latest technology so patient surgery easy &amp; secure. More Neurology We are give best quality health care service &amp; facility of latest technology so patient surgery easy &amp; secure. More Gastrologic We are give best quality[&hellip;]","og_url":"https:\/\/lifeplus.al\/en\/services\/","og_site_name":"Spitali LifePlus","article_publisher":"https:\/\/www.facebook.com\/SpitaliLifePlus","article_modified_time":"2022-06-16T15:01:07+00:00","og_image":[{"url":"http:\/\/doctery-demo.themesion.com\/datasite\/wp-content\/uploads\/sites\/6\/2020\/06\/service-01-770x635.jpg","type":"","width":"","height":""}],"twitter_card":"summary_large_image","twitter_misc":{"Est. reading time":"1 minute"},"schema":{"@context":"https:\/\/schema.org","@graph":[{"@type":"WebPage","@id":"https:\/\/lifeplus.al\/en\/services\/","url":"https:\/\/lifeplus.al\/en\/services\/","name":"Services &#8212; Spitali LifePlus","isPartOf":{"@id":"https:\/\/lifeplus.al\/#website"},"primaryImageOfPage":{"@id":"https:\/\/lifeplus.al\/en\/services\/#primaryimage"},"image":{"@id":"https:\/\/lifeplus.al\/en\/services\/#primaryimage"},"thumbnailUrl":"http:\/\/doctery-demo.themesion.com\/datasite\/wp-content\/uploads\/sites\/6\/2020\/06\/service-01-770x635.jpg","datePublished":"2020-08-12T03:16:40+00:00","dateModified":"2022-06-16T15:01:07+00:00","breadcrumb":{"@id":"https:\/\/lifeplus.al\/en\/services\/#breadcrumb"},"inLanguage":"en-US","potentialAction":[{"@type":"ReadAction","target":["https:\/\/lifeplus.al\/en\/services\/"]}]},{"@type":"ImageObject","inLanguage":"en-US","@id":"https:\/\/lifeplus.al\/en\/services\/#primaryimage","url":"http:\/\/doctery-demo.themesion.com\/datasite\/wp-content\/uploads\/sites\/6\/2020\/06\/service-01-770x635.jpg","contentUrl":"http:\/\/doctery-demo.themesion.com\/datasite\/wp-content\/uploads\/sites\/6\/2020\/06\/service-01-770x635.jpg"},{"@type":"BreadcrumbList","@id":"https:\/\/lifeplus.al\/en\/services\/#breadcrumb","itemListElement":[{"@type":"ListItem","position":1,"name":"Home","item":"https:\/\/lifeplus.al\/"},{"@type":"ListItem","position":2,"name":"Services"}]},{"@type":"WebSite","@id":"https:\/\/lifeplus.al\/#website","url":"https:\/\/lifeplus.al\/","name":"Spitali LifePlus","description":"Kujdesu p\u00ebr Veten!","publisher":{"@id":"https:\/\/lifeplus.al\/#organization"},"potentialAction":[{"@type":"SearchAction","target":{"@type":"EntryPoint","urlTemplate":"https:\/\/lifeplus.al\/?s={search_term_string}"},"query-input":{"@type":"PropertyValueSpecification","valueRequired":true,"valueName":"search_term_string"}}],"inLanguage":"en-US"},{"@type":"Organization","@id":"https:\/\/lifeplus.al\/#organization","name":"Spitali LifePlus","url":"https:\/\/lifeplus.al\/","logo":{"@type":"ImageObject","inLanguage":"en-US","@id":"https:\/\/lifeplus.al\/#\/schema\/logo\/image\/","url":"https:\/\/lifeplus.al\/wp-content\/uploads\/2022\/06\/lifeplus_spitali_logo.png","contentUrl":"https:\/\/lifeplus.al\/wp-content\/uploads\/2022\/06\/lifeplus_spitali_logo.png","width":760,"height":220,"caption":"Spitali LifePlus"},"image":{"@id":"https:\/\/lifeplus.al\/#\/schema\/logo\/image\/"},"sameAs":["https:\/\/www.facebook.com\/SpitaliLifePlus","https:\/\/www.linkedin.com\/company\/spitali-lifeplus","https:\/\/www.instagram.com\/spitali_lifeplus"]}]}},"_links":{"self":[{"href":"https:\/\/lifeplus.al\/en\/wp-json\/wp\/v2\/pages\/1717","targetHints":{"allow":["GET"]}}],"collection":[{"href":"https:\/\/lifeplus.al\/en\/wp-json\/wp\/v2\/pages"}],"about":[{"href":"https:\/\/lifeplus.al\/en\/wp-json\/wp\/v2\/types\/page"}],"author":[{"embeddable":true,"href":"https:\/\/lifeplus.al\/en\/wp-json\/wp\/v2\/users\/1"}],"replies":[{"embeddable":true,"href":"https:\/\/lifeplus.al\/en\/wp-json\/wp\/v2\/comments?post=1717"}],"version-history":[{"count":3,"href":"https:\/\/lifeplus.al\/en\/wp-json\/wp\/v2\/pages\/1717\/revisions"}],"predecessor-version":[{"id":1721,"href":"https:\/\/lifeplus.al\/en\/wp-json\/wp\/v2\/pages\/1717\/revisions\/1721"}],"wp:attachment":[{"href":"https:\/\/lifeplus.al\/en\/wp-json\/wp\/v2\/media?parent=1717"}],"curies":[{"name":"wp","href":"https:\/\/api.w.org\/{rel}","templated":true}]}}