{"id":1906,"date":"2022-05-04T12:56:17","date_gmt":"2022-05-04T10:56:17","guid":{"rendered":"https:\/\/lifeplus.al\/publications\/"},"modified":"2022-09-30T12:08:14","modified_gmt":"2022-09-30T10:08:14","slug":"publications","status":"publish","type":"page","link":"https:\/\/lifeplus.al\/en\/publications\/","title":{"rendered":"Publications"},"content":{"rendered":"\t\t<div data-elementor-type=\"wp-page\" data-elementor-id=\"1906\" class=\"elementor elementor-1906 elementor-1165\">\n\t\t\t\t\t\t<section class=\"elementor-section elementor-top-section elementor-element elementor-element-346b48b elementor-section-full_width elementor-section-stretched thsn-col-stretched-none thsn-bg-color-over-image elementor-section-height-default elementor-section-height-default\" data-id=\"346b48b\" data-element_type=\"section\" data-e-type=\"section\" data-settings=\"{&quot;stretch_section&quot;:&quot;section-stretched&quot;}\">\n\t\t\t\t\t\t<div class=\"elementor-container elementor-column-gap-default\">\n\t\t\t\t\t<div class=\"elementor-column elementor-col-100 elementor-top-column elementor-element elementor-element-13e31a8 thsn-bg-color-over-image\" data-id=\"13e31a8\" data-element_type=\"column\" data-e-type=\"column\">\n\t\t\t<div class=\"elementor-widget-wrap elementor-element-populated\">\n\t\t\t\t\t\t<div class=\"elementor-element elementor-element-1c08779 elementor-widget elementor-widget-image\" data-id=\"1c08779\" data-element_type=\"widget\" data-e-type=\"widget\" data-widget_type=\"image.default\">\n\t\t\t\t<div class=\"elementor-widget-container\">\n\t\t\t\t\t\t\t\t\t\t\t\t\t\t\t<img fetchpriority=\"high\" decoding=\"async\" width=\"1920\" height=\"408\" src=\"https:\/\/lifeplus.al\/wp-content\/uploads\/2022\/05\/Lifeplus-Blog-Background.jpg\" class=\"attachment-full size-full wp-image-1594\" alt=\"\" srcset=\"https:\/\/lifeplus.al\/wp-content\/uploads\/2022\/05\/Lifeplus-Blog-Background.jpg 1920w, https:\/\/lifeplus.al\/wp-content\/uploads\/2022\/05\/Lifeplus-Blog-Background-300x64.jpg 300w, https:\/\/lifeplus.al\/wp-content\/uploads\/2022\/05\/Lifeplus-Blog-Background-1024x218.jpg 1024w, https:\/\/lifeplus.al\/wp-content\/uploads\/2022\/05\/Lifeplus-Blog-Background-768x163.jpg 768w, https:\/\/lifeplus.al\/wp-content\/uploads\/2022\/05\/Lifeplus-Blog-Background-1536x326.jpg 1536w, https:\/\/lifeplus.al\/wp-content\/uploads\/2022\/05\/Lifeplus-Blog-Background-770x164.jpg 770w\" sizes=\"(max-width: 1920px) 100vw, 1920px\" \/>\t\t\t\t\t\t\t\t\t\t\t\t\t\t\t<\/div>\n\t\t\t\t<\/div>\n\t\t\t\t\t<\/div>\n\t\t<\/div>\n\t\t\t\t\t<\/div>\n\t\t<\/section>\n\t\t\t\t<section class=\"elementor-section elementor-top-section elementor-element elementor-element-0030efb thsn-col-stretched-none thsn-bg-color-over-image elementor-section-boxed elementor-section-height-default elementor-section-height-default\" data-id=\"0030efb\" data-element_type=\"section\" data-e-type=\"section\">\n\t\t\t\t\t\t<div class=\"elementor-container elementor-column-gap-default\">\n\t\t\t\t\t<div class=\"elementor-column elementor-col-100 elementor-top-column elementor-element elementor-element-0cc776e thsn-bg-color-over-image\" data-id=\"0cc776e\" data-element_type=\"column\" data-e-type=\"column\">\n\t\t\t<div class=\"elementor-widget-wrap\">\n\t\t\t\t\t\t\t<\/div>\n\t\t<\/div>\n\t\t\t\t\t<\/div>\n\t\t<\/section>\n\t\t\t\t<section class=\"elementor-section elementor-top-section elementor-element elementor-element-4bb3e03 thsn-col-stretched-none thsn-bg-color-over-image elementor-section-boxed elementor-section-height-default elementor-section-height-default\" data-id=\"4bb3e03\" data-element_type=\"section\" data-e-type=\"section\">\n\t\t\t\t\t\t<div class=\"elementor-container elementor-column-gap-default\">\n\t\t\t\t\t<div class=\"elementor-column elementor-col-100 elementor-top-column elementor-element elementor-element-3ef3a5f thsn-bg-color-over-image\" data-id=\"3ef3a5f\" data-element_type=\"column\" data-e-type=\"column\">\n\t\t\t<div class=\"elementor-widget-wrap elementor-element-populated\">\n\t\t\t\t\t\t<div class=\"elementor-element elementor-element-ee98ed7 elementor-widget elementor-widget-thsn_blog_element\" data-id=\"ee98ed7\" data-element_type=\"widget\" data-e-type=\"widget\" data-widget_type=\"thsn_blog_element.default\">\n\t\t\t\t<div class=\"elementor-widget-container\">\n\t\t\t\t\t\r\n\t\t<div class=\"themesion-element themesion-element-blog thsn-element-blog-style-1 themesion-element-viewtype-row-column themesion-gap-15px\" data-show=\"12\" data-columns=\"3\" data-loop=\"false\" data-autoplay=\"false\" data-center=\"false\" data-nav=\"false\" data-dots=\"false\" data-autoplayspeed=\"1000\" data-margin=\"15px\"><div class=\"themesion-element-inner\">\r\n\t\t\r\n\t\t\t<div class=\"thsn-ele-header-area\">\r\n\t\t\t\t\t<div class=\"thsn-heading-subheading left-align \"><\/div>\r\n\t\t\t\t\r\n\t\t\t<\/div>\r\n\r\n\t\t\t<div class=\"thsn-element-posts-wrapper row multi-columns-row\">\r\n\r\n\t\t\t<article class=\"thsn-ele thsn-ele-blog thsn-blog-style-1 col-md-4 informations thsn-term-34 thsn-odd thsn-col-odd\"><div class=\"post-item\">\r\n\t<div class=\"thsn-featured-container\">\r\n\t\t<div class=\"thsn-featured-wrapper\"><a href=\"https:\/\/lifeplus.al\/en\/lifeplus-hospital-a-high-quality-medical-center-dedicated-to-improving-peoples-lives\/\"><img decoding=\"async\" width=\"770\" height=\"500\" src=\"https:\/\/lifeplus.al\/wp-content\/uploads\/2022\/07\/VS401460-770x500.jpg\" class=\"attachment-thsn-img-770x500 size-thsn-img-770x500 wp-post-image\" alt=\"\" \/><\/a><\/div>\t\r\n\t<\/div>\r\n\t<div class=\"themesion-box-content\">\t\r\n\t\t<div class=\"thsn-meta-container\">\t\r\n\t\t\t\t<div class=\"thsn-meta-date-wrapper thsn-meta-line\">\t\t\t\t\t\r\n\t\t\t\t\t<i class=\"thsn-base-icon-clock-1\"><\/i> Jul 29, 2022\t\t\t\t<\/div>\t\r\n\t\t\t\t<div class=\"thsn-meta-category-wrapper thsn-meta-line\">\t\t\r\n\t\t\t\t\t<div class=\"thsn-meta-category\"><i class=\"thsn-base-icon-folder-open-empty\"><\/i> <a href=\"https:\/\/lifeplus.al\/en\/category\/informations\/\" rel=\"category tag\">Informations<\/a><\/div>\r\n\t\t\t\t<\/div>\t\r\n\t\t<\/div>\r\n\t\t<h3 class=\"thsn-post-title\"><a href=\"https:\/\/lifeplus.al\/en\/lifeplus-hospital-a-high-quality-medical-center-dedicated-to-improving-peoples-lives\/\">LifePlus Hospital, a high-quality medical center dedicated to improving people&#8217;s lives<\/a><\/h3>\r\n\t\t<div class=\"themesion-box-desc\">\r\n\t\t<div class=\"themesion-box-desc-text\">\r\n\t\t\t\tLifePlus Hospital is the newest health care center in Tirana and has&hellip;\t\t\t\t\t\r\n\t\t\t<\/div>\t\t\t\t\r\n\t\t<\/div>\r\n\t<\/div>\r\n<\/div><\/article><article class=\"thsn-ele thsn-ele-blog thsn-blog-style-1 col-md-4 informations thsn-term-34 thsn-even thsn-col-odd\"><div class=\"post-item\">\r\n\t<div class=\"thsn-featured-container\">\r\n\t\t<div class=\"thsn-featured-wrapper\"><a href=\"https:\/\/lifeplus.al\/en\/what-exactly-is-acp-prp-treatment-and-how-does-it-work-at-lifeplus\/\"><img decoding=\"async\" width=\"770\" height=\"500\" src=\"https:\/\/lifeplus.al\/wp-content\/uploads\/2022\/05\/lifeplus-terapia-acp-prp-770x500.jpg\" class=\"attachment-thsn-img-770x500 size-thsn-img-770x500 wp-post-image\" alt=\"\" \/><\/a><\/div>\t\r\n\t<\/div>\r\n\t<div class=\"themesion-box-content\">\t\r\n\t\t<div class=\"thsn-meta-container\">\t\r\n\t\t\t\t<div class=\"thsn-meta-date-wrapper thsn-meta-line\">\t\t\t\t\t\r\n\t\t\t\t\t<i class=\"thsn-base-icon-clock-1\"><\/i> May 13, 2022\t\t\t\t<\/div>\t\r\n\t\t\t\t<div class=\"thsn-meta-category-wrapper thsn-meta-line\">\t\t\r\n\t\t\t\t\t<div class=\"thsn-meta-category\"><i class=\"thsn-base-icon-folder-open-empty\"><\/i> <a href=\"https:\/\/lifeplus.al\/en\/category\/informations\/\" rel=\"category tag\">Informations<\/a><\/div>\r\n\t\t\t\t<\/div>\t\r\n\t\t<\/div>\r\n\t\t<h3 class=\"thsn-post-title\"><a href=\"https:\/\/lifeplus.al\/en\/what-exactly-is-acp-prp-treatment-and-how-does-it-work-at-lifeplus\/\">What exactly is &#8220;ACP-PRP treatment,&#8221; and how does it work at Lifeplus?<\/a><\/h3>\r\n\t\t<div class=\"themesion-box-desc\">\r\n\t\t<div class=\"themesion-box-desc-text\">\r\n\t\t\t\tBecause of Arthrex's over 30 years of expertise, \"ACP-PRP\" therapy at the&hellip;\t\t\t\t\t\r\n\t\t\t<\/div>\t\t\t\t\r\n\t\t<\/div>\r\n\t<\/div>\r\n<\/div><\/article><article class=\"thsn-ele thsn-ele-blog thsn-blog-style-1 col-md-4 informations thsn-term-34 thsn-odd thsn-col-odd\"><div class=\"post-item\">\r\n\t<div class=\"thsn-featured-container\">\r\n\t\t<div class=\"thsn-featured-wrapper\"><a href=\"https:\/\/lifeplus.al\/en\/rheumatologist-dr-ervin-rapushi-the-importance-of-diet-in-gout-disease\/\"><img loading=\"lazy\" decoding=\"async\" width=\"770\" height=\"500\" src=\"https:\/\/lifeplus.al\/wp-content\/uploads\/2022\/05\/lifeplus-blog-si-te-ushqeheni-nese-jeni-me-gute-770x500.jpg\" class=\"attachment-thsn-img-770x500 size-thsn-img-770x500 wp-post-image\" alt=\"\" \/><\/a><\/div>\t\r\n\t<\/div>\r\n\t<div class=\"themesion-box-content\">\t\r\n\t\t<div class=\"thsn-meta-container\">\t\r\n\t\t\t\t<div class=\"thsn-meta-date-wrapper thsn-meta-line\">\t\t\t\t\t\r\n\t\t\t\t\t<i class=\"thsn-base-icon-clock-1\"><\/i> May 13, 2022\t\t\t\t<\/div>\t\r\n\t\t\t\t<div class=\"thsn-meta-category-wrapper thsn-meta-line\">\t\t\r\n\t\t\t\t\t<div class=\"thsn-meta-category\"><i class=\"thsn-base-icon-folder-open-empty\"><\/i> <a href=\"https:\/\/lifeplus.al\/en\/category\/informations\/\" rel=\"category tag\">Informations<\/a><\/div>\r\n\t\t\t\t<\/div>\t\r\n\t\t<\/div>\r\n\t\t<h3 class=\"thsn-post-title\"><a href=\"https:\/\/lifeplus.al\/en\/rheumatologist-dr-ervin-rapushi-the-importance-of-diet-in-gout-disease\/\">Rheumatologist Dr. Ervin Rapushi \u201cThe importance of diet in gout disease&#8221;<\/a><\/h3>\r\n\t\t<div class=\"themesion-box-desc\">\r\n\t\t<div class=\"themesion-box-desc-text\">\r\n\t\t\t\tToday, the term \"gout\" refers to a complex group of diseases occurring&hellip;\t\t\t\t\t\r\n\t\t\t<\/div>\t\t\t\t\r\n\t\t<\/div>\r\n\t<\/div>\r\n<\/div><\/article><article class=\"thsn-ele thsn-ele-blog thsn-blog-style-1 col-md-4 informations thsn-term-34 thsn-even thsn-col-even\"><div class=\"post-item\">\r\n\t<div class=\"thsn-featured-container\">\r\n\t\t<div class=\"thsn-featured-wrapper\"><a href=\"https:\/\/lifeplus.al\/en\/dr-ervin-rapushi-what-is-ankylosing-spondylitis-and-how-is-it-treated\/\"><img loading=\"lazy\" decoding=\"async\" width=\"770\" height=\"500\" src=\"https:\/\/lifeplus.al\/wp-content\/uploads\/2022\/05\/lifeplus-spondiliti-ankizolant-770x500.jpg\" class=\"attachment-thsn-img-770x500 size-thsn-img-770x500 wp-post-image\" alt=\"\" \/><\/a><\/div>\t\r\n\t<\/div>\r\n\t<div class=\"themesion-box-content\">\t\r\n\t\t<div class=\"thsn-meta-container\">\t\r\n\t\t\t\t<div class=\"thsn-meta-date-wrapper thsn-meta-line\">\t\t\t\t\t\r\n\t\t\t\t\t<i class=\"thsn-base-icon-clock-1\"><\/i> May 13, 2022\t\t\t\t<\/div>\t\r\n\t\t\t\t<div class=\"thsn-meta-category-wrapper thsn-meta-line\">\t\t\r\n\t\t\t\t\t<div class=\"thsn-meta-category\"><i class=\"thsn-base-icon-folder-open-empty\"><\/i> <a href=\"https:\/\/lifeplus.al\/en\/category\/informations\/\" rel=\"category tag\">Informations<\/a><\/div>\r\n\t\t\t\t<\/div>\t\r\n\t\t<\/div>\r\n\t\t<h3 class=\"thsn-post-title\"><a href=\"https:\/\/lifeplus.al\/en\/dr-ervin-rapushi-what-is-ankylosing-spondylitis-and-how-is-it-treated\/\">Dr. Ervin Rapushi: &#8220;What is Ankylosing Spondylitis, and how is it treated?&#8221;<\/a><\/h3>\r\n\t\t<div class=\"themesion-box-desc\">\r\n\t\t<div class=\"themesion-box-desc-text\">\r\n\t\t\t\tInterview with rheumatologist Dr. Ervin Rapushi, about one of the most frequent&hellip;\t\t\t\t\t\r\n\t\t\t<\/div>\t\t\t\t\r\n\t\t<\/div>\r\n\t<\/div>\r\n<\/div><\/article>\r\n\t\t\t<\/div>\r\n\r\n\t\t\t\r\n\t\t\r\n\t\t<\/div><!-- .themesion-element-inner -->   <\/div><!-- .themesion-element -->  \r\n\t    \t\t\t\t<\/div>\n\t\t\t\t<\/div>\n\t\t\t\t\t<\/div>\n\t\t<\/div>\n\t\t\t\t\t<\/div>\n\t\t<\/section>\n\t\t\t\t<section class=\"elementor-section elementor-top-section elementor-element elementor-element-2a62b5d6 elementor-section-stretched thsn-col-stretched-none thsn-bg-color-over-image elementor-section-boxed elementor-section-height-default elementor-section-height-default\" data-id=\"2a62b5d6\" data-element_type=\"section\" data-e-type=\"section\" data-settings=\"{&quot;stretch_section&quot;:&quot;section-stretched&quot;,&quot;background_background&quot;:&quot;classic&quot;}\">\n\t\t\t\t\t\t<div class=\"elementor-container elementor-column-gap-default\">\n\t\t\t\t\t<div class=\"elementor-column elementor-col-33 elementor-top-column elementor-element elementor-element-374ae62d thsn-bg-color-over-image\" data-id=\"374ae62d\" data-element_type=\"column\" data-e-type=\"column\">\n\t\t\t<div class=\"elementor-widget-wrap elementor-element-populated\">\n\t\t\t\t\t\t<div class=\"elementor-element elementor-element-3d917310 elementor-view-stacked elementor-shape-square elementor-position-inline-start elementor-mobile-position-inline-start elementor-widget elementor-widget-icon-box\" data-id=\"3d917310\" data-element_type=\"widget\" data-e-type=\"widget\" data-widget_type=\"icon-box.default\">\n\t\t\t\t<div class=\"elementor-widget-container\">\n\t\t\t\t\t\t\t<div class=\"elementor-icon-box-wrapper\">\n\n\t\t\t\t\t\t<div class=\"elementor-icon-box-icon\">\n\t\t\t\t<span  class=\"elementor-icon\">\n\t\t\t\t<i aria-hidden=\"true\" class=\"mdi mdi-location-on\"><\/i>\t\t\t\t<\/span>\n\t\t\t<\/div>\n\t\t\t\n\t\t\t\t\t\t<div class=\"elementor-icon-box-content\">\n\n\t\t\t\t\t\t\t\t\t<h3 class=\"elementor-icon-box-title\">\n\t\t\t\t\t\t<span  >\n\t\t\t\t\t\t\tOffice's Address\t\t\t\t\t\t<\/span>\n\t\t\t\t\t<\/h3>\n\t\t\t\t\n\t\t\t\t\t\t\t\t\t<p class=\"elementor-icon-box-description\">\n\t\t\t\t\t\tSt. Dritan Hoxha, Blloku\n\u201cGintash\u201d, Laprak\u00eb, Tiran\u00eb\t\t\t\t\t<\/p>\n\t\t\t\t\n\t\t\t<\/div>\n\t\t\t\n\t\t<\/div>\n\t\t\t\t\t\t<\/div>\n\t\t\t\t<\/div>\n\t\t\t\t\t<\/div>\n\t\t<\/div>\n\t\t\t\t<div class=\"elementor-column elementor-col-33 elementor-top-column elementor-element elementor-element-306d4304 thsn-bg-color-over-image\" data-id=\"306d4304\" data-element_type=\"column\" data-e-type=\"column\">\n\t\t\t<div class=\"elementor-widget-wrap elementor-element-populated\">\n\t\t\t\t\t\t<div class=\"elementor-element elementor-element-7c17fb8b elementor-view-stacked elementor-shape-square elementor-position-inline-start elementor-mobile-position-inline-start elementor-widget elementor-widget-icon-box\" data-id=\"7c17fb8b\" data-element_type=\"widget\" data-e-type=\"widget\" data-widget_type=\"icon-box.default\">\n\t\t\t\t<div class=\"elementor-widget-container\">\n\t\t\t\t\t\t\t<div class=\"elementor-icon-box-wrapper\">\n\n\t\t\t\t\t\t<div class=\"elementor-icon-box-icon\">\n\t\t\t\t<span  class=\"elementor-icon\">\n\t\t\t\t<i aria-hidden=\"true\" class=\"mdi mdi-call\"><\/i>\t\t\t\t<\/span>\n\t\t\t<\/div>\n\t\t\t\n\t\t\t\t\t\t<div class=\"elementor-icon-box-content\">\n\n\t\t\t\t\t\t\t\t\t<h3 class=\"elementor-icon-box-title\">\n\t\t\t\t\t\t<span  >\n\t\t\t\t\t\t\tCALL US\t\t\t\t\t\t<\/span>\n\t\t\t\t\t<\/h3>\n\t\t\t\t\n\t\t\t\t\t\t\t\t\t<p class=\"elementor-icon-box-description\">\n\t\t\t\t\t\t+355 44 500 340\t\t\t\t\t<\/p>\n\t\t\t\t\n\t\t\t<\/div>\n\t\t\t\n\t\t<\/div>\n\t\t\t\t\t\t<\/div>\n\t\t\t\t<\/div>\n\t\t\t\t\t<\/div>\n\t\t<\/div>\n\t\t\t\t<div class=\"elementor-column elementor-col-33 elementor-top-column elementor-element elementor-element-6545e0d thsn-bg-color-over-image\" data-id=\"6545e0d\" data-element_type=\"column\" data-e-type=\"column\">\n\t\t\t<div class=\"elementor-widget-wrap elementor-element-populated\">\n\t\t\t\t\t\t<div class=\"elementor-element elementor-element-146cb79e elementor-view-stacked elementor-shape-square elementor-position-inline-start elementor-mobile-position-inline-start elementor-widget elementor-widget-icon-box\" data-id=\"146cb79e\" data-element_type=\"widget\" data-e-type=\"widget\" data-widget_type=\"icon-box.default\">\n\t\t\t\t<div class=\"elementor-widget-container\">\n\t\t\t\t\t\t\t<div class=\"elementor-icon-box-wrapper\">\n\n\t\t\t\t\t\t<div class=\"elementor-icon-box-icon\">\n\t\t\t\t<span  class=\"elementor-icon\">\n\t\t\t\t<i aria-hidden=\"true\" class=\"fas fa-envelope\"><\/i>\t\t\t\t<\/span>\n\t\t\t<\/div>\n\t\t\t\n\t\t\t\t\t\t<div class=\"elementor-icon-box-content\">\n\n\t\t\t\t\t\t\t\t\t<h3 class=\"elementor-icon-box-title\">\n\t\t\t\t\t\t<span  >\n\t\t\t\t\t\t\tEmail\t\t\t\t\t\t<\/span>\n\t\t\t\t\t<\/h3>\n\t\t\t\t\n\t\t\t\t\t\t\t\t\t<p class=\"elementor-icon-box-description\">\n\t\t\t\t\t\tinfo@lifeplus.al\t\t\t\t\t<\/p>\n\t\t\t\t\n\t\t\t<\/div>\n\t\t\t\n\t\t<\/div>\n\t\t\t\t\t\t<\/div>\n\t\t\t\t<\/div>\n\t\t\t\t\t<\/div>\n\t\t<\/div>\n\t\t\t\t\t<\/div>\n\t\t<\/section>\n\t\t\t\t<\/div>\n\t\t","protected":false},"excerpt":{"rendered":"<p>May 13, 2022 Informacione \u00c7far\u00eb \u00ebsht\u00eb terapia \u201cACP-PRP\u201d dhe si realizohet pran\u00eb spitalit Lifeplus? Terapia \u201cACP-PRP\u201d pran\u00eb Spitalit LifePLus n\u00eb Tiran\u00eb vjen n\u00eb nivelet m\u00eb t\u00eb\u2026 May 13, 2022 Informacione Mjeku reumatolog Dr. Ervin Rapushi: \u201cSi t\u00eb ushqeheni n\u00ebse jeni me gut\u00eb?\u201d Sot, termi \u201cGut\u00eb\u201d p\u00ebrdoret p\u00ebr t\u00eb p\u00ebrfaq\u00ebsuar nj\u00eb grup t\u00eb p\u00ebrb\u00ebr\u00eb s\u00ebmundjesh,\u2026 May 13, 2022 Informacione Dr. Ervin Rapushi: \u201cSpondiliti Ankilozant, \u00e7far\u00eb \u00ebsht\u00eb ai dhe si trajtohet?\u201d Intervist\u00eb[&hellip;]<\/p>\n","protected":false},"author":1,"featured_media":0,"parent":0,"menu_order":21,"comment_status":"closed","ping_status":"closed","template":"","meta":{"_acf_changed":false,"footnotes":""},"class_list":["post-1906","page","type-page","status-publish","hentry"],"acf":[],"yoast_head":"<!-- This site is optimized with the Yoast SEO plugin v27.3 - https:\/\/yoast.com\/product\/yoast-seo-wordpress\/ -->\n<title>Publications &#8212; Spitali LifePlus<\/title>\n<meta name=\"robots\" content=\"index, follow, max-snippet:-1, max-image-preview:large, max-video-preview:-1\" \/>\n<link rel=\"canonical\" href=\"https:\/\/lifeplus.al\/en\/publications\/\" \/>\n<meta property=\"og:locale\" content=\"en_US\" \/>\n<meta property=\"og:type\" content=\"article\" \/>\n<meta property=\"og:title\" content=\"Publications &#8212; Spitali LifePlus\" \/>\n<meta property=\"og:description\" content=\"May 13, 2022 Informacione \u00c7far\u00eb \u00ebsht\u00eb terapia \u201cACP-PRP\u201d dhe si realizohet pran\u00eb spitalit Lifeplus? Terapia \u201cACP-PRP\u201d pran\u00eb Spitalit LifePLus n\u00eb Tiran\u00eb vjen n\u00eb nivelet m\u00eb t\u00eb\u2026 May 13, 2022 Informacione Mjeku reumatolog Dr. Ervin Rapushi: \u201cSi t\u00eb ushqeheni n\u00ebse jeni me gut\u00eb?\u201d Sot, termi \u201cGut\u00eb\u201d p\u00ebrdoret p\u00ebr t\u00eb p\u00ebrfaq\u00ebsuar nj\u00eb grup t\u00eb p\u00ebrb\u00ebr\u00eb s\u00ebmundjesh,\u2026 May 13, 2022 Informacione Dr. Ervin Rapushi: \u201cSpondiliti Ankilozant, \u00e7far\u00eb \u00ebsht\u00eb ai dhe si trajtohet?\u201d Intervist\u00eb[&hellip;]\" \/>\n<meta property=\"og:url\" content=\"https:\/\/lifeplus.al\/en\/publications\/\" \/>\n<meta property=\"og:site_name\" content=\"Spitali LifePlus\" \/>\n<meta property=\"article:publisher\" content=\"https:\/\/www.facebook.com\/SpitaliLifePlus\" \/>\n<meta property=\"article:modified_time\" content=\"2022-09-30T10:08:14+00:00\" \/>\n<meta property=\"og:image\" content=\"https:\/\/lifeplus.al\/wp-content\/uploads\/2022\/05\/Lifeplus-Blog-Background.jpg\" \/>\n<meta name=\"twitter:card\" content=\"summary_large_image\" \/>\n<script type=\"application\/ld+json\" class=\"yoast-schema-graph\">{\"@context\":\"https:\\\/\\\/schema.org\",\"@graph\":[{\"@type\":\"WebPage\",\"@id\":\"https:\\\/\\\/lifeplus.al\\\/en\\\/publications\\\/\",\"url\":\"https:\\\/\\\/lifeplus.al\\\/en\\\/publications\\\/\",\"name\":\"Publications &#8212; Spitali LifePlus\",\"isPartOf\":{\"@id\":\"https:\\\/\\\/lifeplus.al\\\/#website\"},\"primaryImageOfPage\":{\"@id\":\"https:\\\/\\\/lifeplus.al\\\/en\\\/publications\\\/#primaryimage\"},\"image\":{\"@id\":\"https:\\\/\\\/lifeplus.al\\\/en\\\/publications\\\/#primaryimage\"},\"thumbnailUrl\":\"https:\\\/\\\/lifeplus.al\\\/wp-content\\\/uploads\\\/2022\\\/05\\\/Lifeplus-Blog-Background.jpg\",\"datePublished\":\"2022-05-04T10:56:17+00:00\",\"dateModified\":\"2022-09-30T10:08:14+00:00\",\"breadcrumb\":{\"@id\":\"https:\\\/\\\/lifeplus.al\\\/en\\\/publications\\\/#breadcrumb\"},\"inLanguage\":\"en-US\",\"potentialAction\":[{\"@type\":\"ReadAction\",\"target\":[\"https:\\\/\\\/lifeplus.al\\\/en\\\/publications\\\/\"]}]},{\"@type\":\"ImageObject\",\"inLanguage\":\"en-US\",\"@id\":\"https:\\\/\\\/lifeplus.al\\\/en\\\/publications\\\/#primaryimage\",\"url\":\"https:\\\/\\\/lifeplus.al\\\/wp-content\\\/uploads\\\/2022\\\/05\\\/Lifeplus-Blog-Background.jpg\",\"contentUrl\":\"https:\\\/\\\/lifeplus.al\\\/wp-content\\\/uploads\\\/2022\\\/05\\\/Lifeplus-Blog-Background.jpg\"},{\"@type\":\"BreadcrumbList\",\"@id\":\"https:\\\/\\\/lifeplus.al\\\/en\\\/publications\\\/#breadcrumb\",\"itemListElement\":[{\"@type\":\"ListItem\",\"position\":1,\"name\":\"Home\",\"item\":\"https:\\\/\\\/lifeplus.al\\\/\"},{\"@type\":\"ListItem\",\"position\":2,\"name\":\"Publications\"}]},{\"@type\":\"WebSite\",\"@id\":\"https:\\\/\\\/lifeplus.al\\\/#website\",\"url\":\"https:\\\/\\\/lifeplus.al\\\/\",\"name\":\"Spitali LifePlus\",\"description\":\"Kujdesu p\u00ebr Veten!\",\"publisher\":{\"@id\":\"https:\\\/\\\/lifeplus.al\\\/#organization\"},\"potentialAction\":[{\"@type\":\"SearchAction\",\"target\":{\"@type\":\"EntryPoint\",\"urlTemplate\":\"https:\\\/\\\/lifeplus.al\\\/?s={search_term_string}\"},\"query-input\":{\"@type\":\"PropertyValueSpecification\",\"valueRequired\":true,\"valueName\":\"search_term_string\"}}],\"inLanguage\":\"en-US\"},{\"@type\":\"Organization\",\"@id\":\"https:\\\/\\\/lifeplus.al\\\/#organization\",\"name\":\"Spitali LifePlus\",\"url\":\"https:\\\/\\\/lifeplus.al\\\/\",\"logo\":{\"@type\":\"ImageObject\",\"inLanguage\":\"en-US\",\"@id\":\"https:\\\/\\\/lifeplus.al\\\/#\\\/schema\\\/logo\\\/image\\\/\",\"url\":\"https:\\\/\\\/lifeplus.al\\\/wp-content\\\/uploads\\\/2022\\\/06\\\/lifeplus_spitali_logo.png\",\"contentUrl\":\"https:\\\/\\\/lifeplus.al\\\/wp-content\\\/uploads\\\/2022\\\/06\\\/lifeplus_spitali_logo.png\",\"width\":760,\"height\":220,\"caption\":\"Spitali LifePlus\"},\"image\":{\"@id\":\"https:\\\/\\\/lifeplus.al\\\/#\\\/schema\\\/logo\\\/image\\\/\"},\"sameAs\":[\"https:\\\/\\\/www.facebook.com\\\/SpitaliLifePlus\",\"https:\\\/\\\/www.linkedin.com\\\/company\\\/spitali-lifeplus\",\"https:\\\/\\\/www.instagram.com\\\/spitali_lifeplus\"]}]}<\/script>\n<!-- \/ Yoast SEO plugin. -->","yoast_head_json":{"title":"Publications &#8212; Spitali LifePlus","robots":{"index":"index","follow":"follow","max-snippet":"max-snippet:-1","max-image-preview":"max-image-preview:large","max-video-preview":"max-video-preview:-1"},"canonical":"https:\/\/lifeplus.al\/en\/publications\/","og_locale":"en_US","og_type":"article","og_title":"Publications &#8212; Spitali LifePlus","og_description":"May 13, 2022 Informacione \u00c7far\u00eb \u00ebsht\u00eb terapia \u201cACP-PRP\u201d dhe si realizohet pran\u00eb spitalit Lifeplus? Terapia \u201cACP-PRP\u201d pran\u00eb Spitalit LifePLus n\u00eb Tiran\u00eb vjen n\u00eb nivelet m\u00eb t\u00eb\u2026 May 13, 2022 Informacione Mjeku reumatolog Dr. Ervin Rapushi: \u201cSi t\u00eb ushqeheni n\u00ebse jeni me gut\u00eb?\u201d Sot, termi \u201cGut\u00eb\u201d p\u00ebrdoret p\u00ebr t\u00eb p\u00ebrfaq\u00ebsuar nj\u00eb grup t\u00eb p\u00ebrb\u00ebr\u00eb s\u00ebmundjesh,\u2026 May 13, 2022 Informacione Dr. Ervin Rapushi: \u201cSpondiliti Ankilozant, \u00e7far\u00eb \u00ebsht\u00eb ai dhe si trajtohet?\u201d Intervist\u00eb[&hellip;]","og_url":"https:\/\/lifeplus.al\/en\/publications\/","og_site_name":"Spitali LifePlus","article_publisher":"https:\/\/www.facebook.com\/SpitaliLifePlus","article_modified_time":"2022-09-30T10:08:14+00:00","og_image":[{"url":"https:\/\/lifeplus.al\/wp-content\/uploads\/2022\/05\/Lifeplus-Blog-Background.jpg","type":"","width":"","height":""}],"twitter_card":"summary_large_image","schema":{"@context":"https:\/\/schema.org","@graph":[{"@type":"WebPage","@id":"https:\/\/lifeplus.al\/en\/publications\/","url":"https:\/\/lifeplus.al\/en\/publications\/","name":"Publications &#8212; Spitali LifePlus","isPartOf":{"@id":"https:\/\/lifeplus.al\/#website"},"primaryImageOfPage":{"@id":"https:\/\/lifeplus.al\/en\/publications\/#primaryimage"},"image":{"@id":"https:\/\/lifeplus.al\/en\/publications\/#primaryimage"},"thumbnailUrl":"https:\/\/lifeplus.al\/wp-content\/uploads\/2022\/05\/Lifeplus-Blog-Background.jpg","datePublished":"2022-05-04T10:56:17+00:00","dateModified":"2022-09-30T10:08:14+00:00","breadcrumb":{"@id":"https:\/\/lifeplus.al\/en\/publications\/#breadcrumb"},"inLanguage":"en-US","potentialAction":[{"@type":"ReadAction","target":["https:\/\/lifeplus.al\/en\/publications\/"]}]},{"@type":"ImageObject","inLanguage":"en-US","@id":"https:\/\/lifeplus.al\/en\/publications\/#primaryimage","url":"https:\/\/lifeplus.al\/wp-content\/uploads\/2022\/05\/Lifeplus-Blog-Background.jpg","contentUrl":"https:\/\/lifeplus.al\/wp-content\/uploads\/2022\/05\/Lifeplus-Blog-Background.jpg"},{"@type":"BreadcrumbList","@id":"https:\/\/lifeplus.al\/en\/publications\/#breadcrumb","itemListElement":[{"@type":"ListItem","position":1,"name":"Home","item":"https:\/\/lifeplus.al\/"},{"@type":"ListItem","position":2,"name":"Publications"}]},{"@type":"WebSite","@id":"https:\/\/lifeplus.al\/#website","url":"https:\/\/lifeplus.al\/","name":"Spitali LifePlus","description":"Kujdesu p\u00ebr Veten!","publisher":{"@id":"https:\/\/lifeplus.al\/#organization"},"potentialAction":[{"@type":"SearchAction","target":{"@type":"EntryPoint","urlTemplate":"https:\/\/lifeplus.al\/?s={search_term_string}"},"query-input":{"@type":"PropertyValueSpecification","valueRequired":true,"valueName":"search_term_string"}}],"inLanguage":"en-US"},{"@type":"Organization","@id":"https:\/\/lifeplus.al\/#organization","name":"Spitali LifePlus","url":"https:\/\/lifeplus.al\/","logo":{"@type":"ImageObject","inLanguage":"en-US","@id":"https:\/\/lifeplus.al\/#\/schema\/logo\/image\/","url":"https:\/\/lifeplus.al\/wp-content\/uploads\/2022\/06\/lifeplus_spitali_logo.png","contentUrl":"https:\/\/lifeplus.al\/wp-content\/uploads\/2022\/06\/lifeplus_spitali_logo.png","width":760,"height":220,"caption":"Spitali LifePlus"},"image":{"@id":"https:\/\/lifeplus.al\/#\/schema\/logo\/image\/"},"sameAs":["https:\/\/www.facebook.com\/SpitaliLifePlus","https:\/\/www.linkedin.com\/company\/spitali-lifeplus","https:\/\/www.instagram.com\/spitali_lifeplus"]}]}},"_links":{"self":[{"href":"https:\/\/lifeplus.al\/en\/wp-json\/wp\/v2\/pages\/1906","targetHints":{"allow":["GET"]}}],"collection":[{"href":"https:\/\/lifeplus.al\/en\/wp-json\/wp\/v2\/pages"}],"about":[{"href":"https:\/\/lifeplus.al\/en\/wp-json\/wp\/v2\/types\/page"}],"author":[{"embeddable":true,"href":"https:\/\/lifeplus.al\/en\/wp-json\/wp\/v2\/users\/1"}],"replies":[{"embeddable":true,"href":"https:\/\/lifeplus.al\/en\/wp-json\/wp\/v2\/comments?post=1906"}],"version-history":[{"count":5,"href":"https:\/\/lifeplus.al\/en\/wp-json\/wp\/v2\/pages\/1906\/revisions"}],"predecessor-version":[{"id":2121,"href":"https:\/\/lifeplus.al\/en\/wp-json\/wp\/v2\/pages\/1906\/revisions\/2121"}],"wp:attachment":[{"href":"https:\/\/lifeplus.al\/en\/wp-json\/wp\/v2\/media?parent=1906"}],"curies":[{"name":"wp","href":"https:\/\/api.w.org\/{rel}","templated":true}]}}